{"id":352,"date":"2017-02-22T12:51:35","date_gmt":"2017-02-22T12:51:35","guid":{"rendered":"http:\/\/ortodonciacanut.com\/en\/servicios\/"},"modified":"2022-04-28T17:20:26","modified_gmt":"2022-04-28T17:20:26","slug":"servicios","status":"publish","type":"page","link":"https:\/\/ortodonciacanut.com\/en\/servicios\/","title":{"rendered":"Services"},"content":{"rendered":"<p>[et_pb_section fb_built=&#8221;1&#8243; fullwidth=&#8221;on&#8221; _builder_version=&#8221;4.11.3&#8243; _module_preset=&#8221;default&#8221; global_colors_info=&#8221;{}&#8221;][et_pb_fullwidth_slider show_pagination=&#8221;off&#8221; arrows_custom_color=&#8221;rgba(0,0,0,0.34)&#8221; module_class=&#8221;slider-interior&#8221; _builder_version=&#8221;4.13.1&#8243; _module_preset=&#8221;default&#8221; header_text_align=&#8221;left&#8221; min_height_tablet=&#8221;&#8221; min_height_phone=&#8221;&#8221; min_height_last_edited=&#8221;on|phone&#8221; height_tablet=&#8221;&#8221; height_phone=&#8221;&#8221; height_last_edited=&#8221;on|phone&#8221; custom_padding=&#8221;||||false|false&#8221; custom_padding_last_edited=&#8221;off|phone&#8221; auto=&#8221;on&#8221; auto_speed=&#8221;5000&#8243; hover_enabled=&#8221;0&#8243; header_text_align_tablet=&#8221;left&#8221; header_text_align_phone=&#8221;left&#8221; header_text_align_last_edited=&#8221;on|tablet&#8221; global_colors_info=&#8221;{}&#8221; custom_css_slide_title_last_edited=&#8221;on|phone&#8221; custom_css_slide_title_tablet=&#8221;padding-left:0;||text-align:center;||width:100%;&#8221; custom_css_slide_title_phone=&#8221;padding-left:0;||text-align:center;||width:100%;&#8221; sticky_enabled=&#8221;0&#8243;][et_pb_slide heading=&#8221;For those that don&#8217;t like braces&#8221; _builder_version=&#8221;4.13.1&#8243; _module_preset=&#8221;default&#8221; background_image=&#8221;https:\/\/ortodonciacanut.com\/nueva\/wp-content\/uploads\/2021\/10\/fondo-invisalign-e1639564562832.jpg&#8221; background_enable_image=&#8221;on&#8221; background_position=&#8221;center_left&#8221; hover_enabled=&#8221;0&#8243; background_last_edited=&#8221;on|phone&#8221; background_image_phone=&#8221;https:\/\/ortodonciacanut.com\/nueva\/wp-content\/uploads\/2021\/12\/invisalign-valencia-OK.png&#8221; background_enable_image_phone=&#8221;on&#8221; background_size_phone=&#8221;cover&#8221; background_position_phone=&#8221;center_left&#8221; global_colors_info=&#8221;{}&#8221; sticky_transition=&#8221;on&#8221; sticky_enabled=&#8221;0&#8243;][\/et_pb_slide][et_pb_slide heading=&#8221;I minimise the duration of braces&#8221; _builder_version=&#8221;4.11.3&#8243; _module_preset=&#8221;default&#8221; background_image=&#8221;https:\/\/ortodonciacanut.com\/nueva\/wp-content\/uploads\/2021\/11\/iStock-161365837-02.jpg&#8221; background_enable_image=&#8221;on&#8221; global_colors_info=&#8221;{}&#8221; sticky_transition=&#8221;on&#8221;][\/et_pb_slide][et_pb_slide heading=&#8221;Orthodontics have no age&#8221; _builder_version=&#8221;4.10.7&#8243; _module_preset=&#8221;default&#8221; background_image=&#8221;https:\/\/ortodonciacanut.com\/nueva\/wp-content\/uploads\/2021\/10\/ortodoncia-brackets-adultos-javea-1-scaled.jpg&#8221; background_enable_image=&#8221;on&#8221; global_colors_info=&#8221;{}&#8221; sticky_transition=&#8221;on&#8221;][\/et_pb_slide][\/et_pb_fullwidth_slider][\/et_pb_section][et_pb_section fb_built=&#8221;1&#8243; _builder_version=&#8221;4.10.7&#8243; custom_padding=&#8221;||0px||false|false&#8221; global_colors_info=&#8221;{}&#8221;][et_pb_row column_structure=&#8221;1_3,2_3&#8243; use_custom_gutter=&#8221;on&#8221; gutter_width=&#8221;1&#8243; module_class=&#8221;interior-2mod&#8221; _builder_version=&#8221;4.10.7&#8243; background_size=&#8221;initial&#8221; background_position=&#8221;top_left&#8221; background_repeat=&#8221;repeat&#8221; global_colors_info=&#8221;{}&#8221;][et_pb_column type=&#8221;1_3&#8243; _builder_version=&#8221;3.25&#8243; custom_padding=&#8221;|||&#8221; global_colors_info=&#8221;{}&#8221; custom_padding__hover=&#8221;|||&#8221;][et_pb_text _builder_version=&#8221;4.10.7&#8243; _module_preset=&#8221;default&#8221; global_colors_info=&#8221;{}&#8221;]<\/p>\n<h1>Services<\/h1>\n<p>[\/et_pb_text][\/et_pb_column][et_pb_column type=&#8221;2_3&#8243; _builder_version=&#8221;3.25&#8243; custom_padding=&#8221;|||&#8221; global_colors_info=&#8221;{}&#8221; custom_padding__hover=&#8221;|||&#8221;][et_pb_text _builder_version=&#8221;4.13.1&#8243; background_size=&#8221;initial&#8221; background_position=&#8221;top_left&#8221; background_repeat=&#8221;repeat&#8221; global_colors_info=&#8221;{}&#8221;]Si has llegado hasta este punto es porque crees que necesitas un tratamiento de ortodoncia o porque te gustar\u00eda tener una sonrisa m\u00e1s bonita. En nuestra cl\u00ednica nos esforzamos para ofrecerte el consejo y la soluci\u00f3n m\u00e1s adecuada para tu caso. <\/p>\n<p><img loading=\"lazy\" class=\"wp-image-327 alignnone size-full\" src=\"https:\/\/ortodonciacanut.com\/nueva\/wp-content\/uploads\/2017\/02\/invisalign-1.png\" alt=\"\" width=\"114\" height=\"27\"> is the most suitable option if you are looking for comfort and discretion. With this type of transparent braces, you can correct from minor crowding to severe dental malocclusion, as they offer good dental control, achieving amazing results in both teenagers and adults. With Invisalign\u00ae, it is possible to just treat the upper or lower part of the mouth, as it is not necessary to treat both parts, so treatments are more affordable. <\/p>\n<div class=\"txt-listado\">\n<ul class=\"listado\">\n<li><strong>25 years<\/strong> of experience as an orthodontist<\/li>\n<li>Over <strong>2,000 cases<\/strong> treated of patients of all ages: children, teenagers and adults.<\/li>\n<li>We use all kinds of state-of-the-art metal and aesthetic<strong>Braces.<\/strong><\/li>\n<li>we are an exclusive clinic, specialised in <strong>Orthodontics.<\/strong><\/li>\n<li><strong>First appointment is free.<\/strong><\/li>\n<li><strong>All-inclusive<\/strong>; fixed quotes and financing available.<\/li>\n<\/ul>\n<\/div>\n<div class=\"firma\"><\/div>\n<p>[\/et_pb_text][\/et_pb_column][\/et_pb_row][\/et_pb_section]<\/p>\n","protected":false},"excerpt":{"rendered":"<p>ServicesSi has llegado hasta este punto es porque crees que necesitas un tratamiento de ortodoncia o porque te gustar\u00eda tener una sonrisa m\u00e1s bonita. En nuestra cl\u00ednica nos esforzamos para ofrecerte el consejo y la soluci\u00f3n m\u00e1s adecuada para tu caso. is the most suitable option if you are looking for comfort and discretion. With [&hellip;]<\/p>\n","protected":false},"author":1,"featured_media":363,"parent":0,"menu_order":0,"comment_status":"closed","ping_status":"closed","template":"","meta":{"_et_pb_use_builder":"on","_et_pb_old_content":"","_et_gb_content_width":""},"_links":{"self":[{"href":"https:\/\/ortodonciacanut.com\/en\/wp-json\/wp\/v2\/pages\/352"}],"collection":[{"href":"https:\/\/ortodonciacanut.com\/en\/wp-json\/wp\/v2\/pages"}],"about":[{"href":"https:\/\/ortodonciacanut.com\/en\/wp-json\/wp\/v2\/types\/page"}],"author":[{"embeddable":true,"href":"https:\/\/ortodonciacanut.com\/en\/wp-json\/wp\/v2\/users\/1"}],"replies":[{"embeddable":true,"href":"https:\/\/ortodonciacanut.com\/en\/wp-json\/wp\/v2\/comments?post=352"}],"version-history":[{"count":41,"href":"https:\/\/ortodonciacanut.com\/en\/wp-json\/wp\/v2\/pages\/352\/revisions"}],"predecessor-version":[{"id":1522,"href":"https:\/\/ortodonciacanut.com\/en\/wp-json\/wp\/v2\/pages\/352\/revisions\/1522"}],"wp:featuredmedia":[{"embeddable":true,"href":"https:\/\/ortodonciacanut.com\/en\/wp-json\/wp\/v2\/media\/363"}],"wp:attachment":[{"href":"https:\/\/ortodonciacanut.com\/en\/wp-json\/wp\/v2\/media?parent=352"}],"curies":[{"name":"wp","href":"https:\/\/api.w.org\/{rel}","templated":true}]}}